{"id":1511,"date":"2017-11-11T00:59:40","date_gmt":"2017-11-10T21:59:40","guid":{"rendered":"http:\/\/artestampa.com.br\/?page_id=1511"},"modified":"2023-11-06T05:36:46","modified_gmt":"2023-11-06T02:36:46","slug":"equipos","status":"publish","type":"page","link":"https:\/\/www.artestampa.com.br\/es\/equipos\/","title":{"rendered":"Equipos"},"content":{"rendered":"<div id=\"pl-1511\"  class=\"panel-layout\" ><div id=\"pg-1511-0\"  class=\"panel-grid panel-has-style\" ><div class=\"siteorigin-panels-stretch row-justification-center panel-row-style panel-row-style-for-1511-0\" style=\"margin-bottom: 0; \" data-stretch-type=\"full\" ><div id=\"pgc-1511-0-0\"  class=\"panel-grid-cell\" ><div id=\"panel-1511-0-0-0\" class=\"so-panel widget_inb-headline inbound-headline panel-first-child\" data-index=\"0\" ><div id=\"ws-1\" class=\"panel-widget-style panel-widget-style-for-1511-0-0-0\" ><div id=\"widget_headline_1\" class=\"inbound-headline headline-no-decoration\"><h6 class=\"regular-title\">QU\u00c9 BUSCAS?<\/h6><\/div><\/div><\/div><div id=\"panel-1511-0-0-1\" class=\"so-panel widget_inb-divider inbound-divider\" data-index=\"1\" ><div class=\"panel-widget-style panel-widget-style-for-1511-0-0-1\" ><hr id=\"widget_divider_1\" class=\"divider divider-solid align-center\"><\/div><\/div><div id=\"panel-1511-0-0-2\" class=\"so-panel widget_inb-headline inbound-headline\" data-index=\"2\" ><div class=\"panel-widget-style panel-widget-style-for-1511-0-0-2\" ><div id=\"widget_headline_2\" class=\"inbound-headline headline-no-decoration\"><h2 class=\"regular-title\">Impresoras del tama\u00f1o de tu necesidad<\/h2><\/div><\/div><\/div><div id=\"panel-1511-0-0-3\" class=\"so-panel widget_inb-headline inbound-headline panel-last-child\" data-index=\"3\" ><div id=\"ws-2\" class=\"panel-widget-style panel-widget-style-for-1511-0-0-3\" ><div id=\"widget_headline_3\" class=\"inbound-headline headline-no-decoration\"><h4 class=\"regular-sub-title\">Tenemos 3 modelos de impresora para porcelana que se pueden adaptar para cada tipo de negocio, de acuerdo con tus objetivos, demanda y tama\u00f1o de papel.<\/h4><\/div><\/div><\/div><\/div><\/div><\/div><div id=\"pg-1511-1\"  class=\"panel-grid panel-has-style\" ><div class=\"siteorigin-panels-stretch row-justification-left panel-row-style panel-row-style-for-1511-1\" style=\"margin-bottom: 0; \" data-stretch-type=\"full-stretched\" ><div id=\"pgc-1511-1-0\"  class=\"panel-grid-cell\" ><div id=\"panel-1511-1-0-0\" class=\"so-panel widget_inb-divider inbound-divider panel-first-child panel-last-child\" data-index=\"4\" ><div class=\"panel-widget-style panel-widget-style-for-1511-1-0-0\" ><hr id=\"widget_divider_2\" class=\"divider divider-solid align-left\"><\/div><\/div><\/div><\/div><\/div><div id=\"pg-1511-2\"  class=\"panel-grid panel-has-style\" ><div class=\"siteorigin-panels-stretch row-justification-left panel-row-style panel-row-style-for-1511-2\" style=\"margin-bottom: 0; \" data-stretch-type=\"full\" ><div id=\"pgc-1511-2-0\"  class=\"panel-grid-cell\" ><div id=\"panel-1511-2-0-0\" class=\"so-panel widget_inb-image inbound-image panel-first-child panel-last-child\" data-index=\"5\" ><div class=\"single-image image-left\"><img decoding=\"async\" src=\"https:\/\/www.artestampa.com.br\/wp-content\/uploads\/2021\/01\/canon-imagem-press-C60.png\" alt=\"canon-imagem-press-C60\"><\/div><\/div><\/div><div id=\"pgc-1511-2-1\"  class=\"panel-grid-cell\" ><div id=\"panel-1511-2-1-0\" class=\"so-panel widget_inb-headline inbound-headline panel-first-child\" data-index=\"6\" ><div id=\"ws-3\" class=\"panel-widget-style panel-widget-style-for-1511-2-1-0\" ><div id=\"widget_headline_4\" class=\"inbound-headline headline-no-decoration\"><h6 class=\"regular-title\">ALTA TECNOLOG\u00cdA<\/h6><\/div><\/div><\/div><div id=\"panel-1511-2-1-1\" class=\"so-panel widget_inb-divider inbound-divider\" data-index=\"7\" ><div class=\"panel-widget-style panel-widget-style-for-1511-2-1-1\" ><hr id=\"widget_divider_3\" class=\"divider divider-solid align-left\"><\/div><\/div><div id=\"panel-1511-2-1-2\" class=\"so-panel widget_inb-headline inbound-headline\" data-index=\"8\" ><div class=\"panel-widget-style panel-widget-style-for-1511-2-1-2\" ><div id=\"widget_headline_5\" class=\"inbound-headline headline-no-decoration\"><h3 class=\"regular-title\">System I<\/h3><\/div><\/div><\/div><div id=\"panel-1511-2-1-3\" class=\"so-panel widget_sow-editor\" data-index=\"9\" ><div class=\"panel-widget-style panel-widget-style-for-1511-2-1-3\" ><div\n\t\t\t\n\t\t\tclass=\"so-widget-sow-editor so-widget-sow-editor-base\"\n\t\t\t\n\t\t><h3 class=\"widget-title\">IMPRESI\u00d3N DE VARIOS DIBUJOS EN UNA \u00daNICA HOJA<\/h3>\n<div class=\"siteorigin-widget-tinymce textwidget\">\n\t<div class=\"textwidget\">\n<p>El mejor sistema de impresi\u00f3n en cer\u00e1mica disponible en el mercado, colores vibrantes y definici\u00f3n de imagen inigualable.<\/p>\n<\/div>\n<\/div>\n<\/div><\/div><\/div><div id=\"panel-1511-2-1-4\" class=\"so-panel widget_inb-link inbound-link panel-last-child\" data-index=\"10\" ><div class=\"text-align-left panel-widget-style panel-widget-style-for-1511-2-1-4\" ><a href=\"\/es\/system-i\" id=\"widget_link_1\" class=\"text-link link-icon-left\" target=\"_self\"><i class=\"fa fa-chevron-right\"><\/i> Sepa m\u00e1s<\/a><\/div><\/div><\/div><\/div><\/div><div id=\"pg-1511-3\"  class=\"panel-grid panel-has-style\" ><div class=\"siteorigin-panels-stretch row-justification-left panel-row-style panel-row-style-for-1511-3\" style=\"margin-bottom: 0; \" data-stretch-type=\"full-stretched\" ><div id=\"pgc-1511-3-0\"  class=\"panel-grid-cell\" ><div id=\"panel-1511-3-0-0\" class=\"so-panel widget_inb-divider inbound-divider panel-first-child panel-last-child\" data-index=\"11\" ><div class=\"panel-widget-style panel-widget-style-for-1511-3-0-0\" ><hr id=\"widget_divider_4\" class=\"divider divider-solid align-left\"><\/div><\/div><\/div><\/div><\/div><div id=\"pg-1511-4\"  class=\"panel-grid panel-has-style\" ><div class=\"row-justification-left panel-row-style panel-row-style-for-1511-4\" style=\"margin-bottom: 0; \" ><div id=\"pgc-1511-4-0\"  class=\"panel-grid-cell\" ><div id=\"panel-1511-4-0-0\" class=\"so-panel widget_inb-image inbound-image panel-first-child panel-last-child\" data-index=\"12\" ><div class=\"panel-widget-style panel-widget-style-for-1511-4-0-0\" ><div class=\"single-image image-left\"><img decoding=\"async\" src=\"https:\/\/www.artestampa.com.br\/wp-content\/uploads\/2023\/11\/system-ii-home.png\" alt=\"system-ii-home\"><\/div><\/div><\/div><\/div><div id=\"pgc-1511-4-1\"  class=\"panel-grid-cell\" ><div id=\"panel-1511-4-1-0\" class=\"so-panel widget_inb-headline inbound-headline panel-first-child\" data-index=\"13\" ><div id=\"ws-4\" class=\"panel-widget-style panel-widget-style-for-1511-4-1-0\" ><div id=\"widget_headline_6\" class=\"inbound-headline headline-no-decoration\"><h6 class=\"regular-title\">PEQUE\u00d1A NOTABLE<\/h6><\/div><\/div><\/div><div id=\"panel-1511-4-1-1\" class=\"so-panel widget_inb-divider inbound-divider\" data-index=\"14\" ><div class=\"panel-widget-style panel-widget-style-for-1511-4-1-1\" ><hr id=\"widget_divider_5\" class=\"divider divider-solid align-left\"><\/div><\/div><div id=\"panel-1511-4-1-2\" class=\"so-panel widget_inb-headline inbound-headline\" data-index=\"15\" ><div class=\"panel-widget-style panel-widget-style-for-1511-4-1-2\" ><div id=\"widget_headline_7\" class=\"inbound-headline headline-no-decoration\"><h3 class=\"regular-title\">System II<\/h3><\/div><\/div><\/div><div id=\"panel-1511-4-1-3\" class=\"so-panel widget_sow-editor\" data-index=\"16\" ><div class=\"panel-widget-style panel-widget-style-for-1511-4-1-3\" ><div\n\t\t\t\n\t\t\tclass=\"so-widget-sow-editor so-widget-sow-editor-base\"\n\t\t\t\n\t\t><h3 class=\"widget-title\">IMPRESORA A COLORES DE BUEN\u00cdSIMO RENDIMIENTO Y VERSATILIDAD<\/h3>\n<div class=\"siteorigin-widget-tinymce textwidget\">\n\t<div class=\"textwidget\">\n<p>Una muy buena opci\u00f3n para quien es iniciante en el proceso de fotocer\u00e1mica. Impresi\u00f3n de calidad y precisi\u00f3n en los detalles.<\/p>\n<\/div>\n<\/div>\n<\/div><\/div><\/div><div id=\"panel-1511-4-1-4\" class=\"so-panel widget_inb-link inbound-link panel-last-child\" data-index=\"17\" ><div class=\"text-align-left panel-widget-style panel-widget-style-for-1511-4-1-4\" ><a href=\"\/es\/system-ii\" id=\"widget_link_2\" class=\"text-link link-icon-left\" target=\"_self\"><i class=\"fa fa-chevron-right\"><\/i> Sepa m\u00e1s<\/a><\/div><\/div><\/div><\/div><\/div><div id=\"pg-1511-5\"  class=\"panel-grid panel-has-style\" ><div class=\"siteorigin-panels-stretch row-justification-left panel-row-style panel-row-style-for-1511-5\" style=\"margin-bottom: 0; \" data-stretch-type=\"full-stretched\" ><div id=\"pgc-1511-5-0\"  class=\"panel-grid-cell\" ><div id=\"panel-1511-5-0-0\" class=\"so-panel widget_inb-divider inbound-divider panel-first-child panel-last-child\" data-index=\"18\" ><div class=\"panel-widget-style panel-widget-style-for-1511-5-0-0\" ><hr id=\"widget_divider_6\" class=\"divider divider-solid align-left\"><\/div><\/div><\/div><\/div><\/div><div id=\"pg-1511-6\"  class=\"panel-grid panel-has-style\" ><div class=\"siteorigin-panels-stretch row-justification-left panel-row-style panel-row-style-for-1511-6\" style=\"margin-bottom: 0; \" data-stretch-type=\"full\" ><div id=\"pgc-1511-6-0\"  class=\"panel-grid-cell\" ><div id=\"panel-1511-6-0-0\" class=\"so-panel widget_inb-image inbound-image panel-first-child panel-last-child\" data-index=\"19\" ><div class=\"single-image image-left\"><img decoding=\"async\" src=\"https:\/\/www.artestampa.com.br\/wp-content\/uploads\/2018\/01\/canon-imagerunner-advance-c3330i-nova.png\" alt=\"canon-imagerunner-advance-c3330i-nova\"><\/div><\/div><\/div><div id=\"pgc-1511-6-1\"  class=\"panel-grid-cell\" ><div id=\"panel-1511-6-1-0\" class=\"so-panel widget_inb-headline inbound-headline panel-first-child\" data-index=\"20\" ><div id=\"ws-5\" class=\"panel-widget-style panel-widget-style-for-1511-6-1-0\" ><div id=\"widget_headline_8\" class=\"inbound-headline headline-no-decoration\"><h6 class=\"regular-title\">COLORES DE ALTA CALIDAD<\/h6><\/div><\/div><\/div><div id=\"panel-1511-6-1-1\" class=\"so-panel widget_inb-divider inbound-divider\" data-index=\"21\" ><div class=\"panel-widget-style panel-widget-style-for-1511-6-1-1\" ><hr id=\"widget_divider_7\" class=\"divider divider-solid align-left\"><\/div><\/div><div id=\"panel-1511-6-1-2\" class=\"so-panel widget_inb-headline inbound-headline\" data-index=\"22\" ><div class=\"panel-widget-style panel-widget-style-for-1511-6-1-2\" ><div id=\"widget_headline_9\" class=\"inbound-headline headline-no-decoration\"><h3 class=\"regular-title\">System III<\/h3><\/div><\/div><\/div><div id=\"panel-1511-6-1-3\" class=\"so-panel widget_sow-editor\" data-index=\"23\" ><div class=\"panel-widget-style panel-widget-style-for-1511-6-1-3\" ><div\n\t\t\t\n\t\t\tclass=\"so-widget-sow-editor so-widget-sow-editor-base\"\n\t\t\t\n\t\t><h3 class=\"widget-title\">Simplifique sus flujos de trabajo<\/h3>\n<div class=\"siteorigin-widget-tinymce textwidget\">\n\t<div class=\"textwidget\">\n<p>Lanzamiento de Artestampa para el a\u00f1o de 2017, aliando lo mejor de dos mundos: alta calidad y bajo costo operacional.<\/p>\n<\/div>\n<\/div>\n<\/div><\/div><\/div><div id=\"panel-1511-6-1-4\" class=\"so-panel widget_inb-link inbound-link panel-last-child\" data-index=\"24\" ><div class=\"text-align-left panel-widget-style panel-widget-style-for-1511-6-1-4\" ><a href=\"\/es\/system-iii\" id=\"widget_link_3\" class=\"text-link link-icon-left\" target=\"_self\"><i class=\"fa fa-chevron-right\"><\/i> Sepa m\u00e1s<\/a><\/div><\/div><\/div><\/div><\/div><\/div>","protected":false},"excerpt":{"rendered":"<p>QU\u00c9 BUSCAS?Impresoras del tama\u00f1o de tu necesidadTenemos 3 modelos de impresora para porcelana que se pueden adaptar para cada tipo de negocio, de acuerdo con<\/p>\n","protected":false},"author":4,"featured_media":0,"parent":0,"menu_order":0,"comment_status":"closed","ping_status":"closed","template":"","meta":{"footnotes":""},"class_list":["post-1511","page","type-page","status-publish","hentry","even","last"],"yoast_head":"<!-- This site is optimized with the Yoast SEO plugin v27.4 - https:\/\/yoast.com\/product\/yoast-seo-wordpress\/ -->\n<title>Equipos - Artestampa<\/title>\n<meta name=\"robots\" content=\"index, follow, max-snippet:-1, max-image-preview:large, max-video-preview:-1\" \/>\n<link rel=\"canonical\" href=\"https:\/\/www.artestampa.com.br\/es\/equipos\/\" \/>\n<meta property=\"og:locale\" content=\"es_ES\" \/>\n<meta property=\"og:type\" content=\"article\" \/>\n<meta property=\"og:title\" content=\"Equipos - Artestampa\" \/>\n<meta property=\"og:description\" content=\"QU\u00c9 BUSCAS?Impresoras del tama\u00f1o de tu necesidadTenemos 3 modelos de impresora para porcelana que se pueden adaptar para cada tipo de negocio, de acuerdo con\" \/>\n<meta property=\"og:url\" content=\"https:\/\/www.artestampa.com.br\/es\/equipos\/\" \/>\n<meta property=\"og:site_name\" content=\"Artestampa\" \/>\n<meta property=\"article:modified_time\" content=\"2023-11-06T02:36:46+00:00\" \/>\n<meta name=\"twitter:card\" content=\"summary_large_image\" \/>\n<meta name=\"twitter:label1\" content=\"Tiempo de lectura\" \/>\n\t<meta name=\"twitter:data1\" content=\"2 minutos\" \/>\n<script type=\"application\/ld+json\" class=\"yoast-schema-graph\">{\"@context\":\"https:\\\/\\\/schema.org\",\"@graph\":[{\"@type\":\"WebPage\",\"@id\":\"https:\\\/\\\/www.artestampa.com.br\\\/es\\\/equipos\\\/\",\"url\":\"https:\\\/\\\/www.artestampa.com.br\\\/es\\\/equipos\\\/\",\"name\":\"Equipos - Artestampa\",\"isPartOf\":{\"@id\":\"https:\\\/\\\/www.artestampa.com.br\\\/#website\"},\"datePublished\":\"2017-11-10T21:59:40+00:00\",\"dateModified\":\"2023-11-06T02:36:46+00:00\",\"breadcrumb\":{\"@id\":\"https:\\\/\\\/www.artestampa.com.br\\\/es\\\/equipos\\\/#breadcrumb\"},\"inLanguage\":\"es\",\"potentialAction\":[{\"@type\":\"ReadAction\",\"target\":[\"https:\\\/\\\/www.artestampa.com.br\\\/es\\\/equipos\\\/\"]}]},{\"@type\":\"BreadcrumbList\",\"@id\":\"https:\\\/\\\/www.artestampa.com.br\\\/es\\\/equipos\\\/#breadcrumb\",\"itemListElement\":[{\"@type\":\"ListItem\",\"position\":1,\"name\":\"In\u00edcio\",\"item\":\"https:\\\/\\\/www.artestampa.com.br\\\/es\\\/\"},{\"@type\":\"ListItem\",\"position\":2,\"name\":\"Equipos\"}]},{\"@type\":\"WebSite\",\"@id\":\"https:\\\/\\\/www.artestampa.com.br\\\/#website\",\"url\":\"https:\\\/\\\/www.artestampa.com.br\\\/\",\"name\":\"Artestampa\",\"description\":\"Personalizando emo\u00e7\u00f5es\",\"potentialAction\":[{\"@type\":\"SearchAction\",\"target\":{\"@type\":\"EntryPoint\",\"urlTemplate\":\"https:\\\/\\\/www.artestampa.com.br\\\/?s={search_term_string}\"},\"query-input\":{\"@type\":\"PropertyValueSpecification\",\"valueRequired\":true,\"valueName\":\"search_term_string\"}}],\"inLanguage\":\"es\"}]}<\/script>\n<!-- \/ Yoast SEO plugin. -->","yoast_head_json":{"title":"Equipos - Artestampa","robots":{"index":"index","follow":"follow","max-snippet":"max-snippet:-1","max-image-preview":"max-image-preview:large","max-video-preview":"max-video-preview:-1"},"canonical":"https:\/\/www.artestampa.com.br\/es\/equipos\/","og_locale":"es_ES","og_type":"article","og_title":"Equipos - Artestampa","og_description":"QU\u00c9 BUSCAS?Impresoras del tama\u00f1o de tu necesidadTenemos 3 modelos de impresora para porcelana que se pueden adaptar para cada tipo de negocio, de acuerdo con","og_url":"https:\/\/www.artestampa.com.br\/es\/equipos\/","og_site_name":"Artestampa","article_modified_time":"2023-11-06T02:36:46+00:00","twitter_card":"summary_large_image","twitter_misc":{"Tiempo de lectura":"2 minutos"},"schema":{"@context":"https:\/\/schema.org","@graph":[{"@type":"WebPage","@id":"https:\/\/www.artestampa.com.br\/es\/equipos\/","url":"https:\/\/www.artestampa.com.br\/es\/equipos\/","name":"Equipos - Artestampa","isPartOf":{"@id":"https:\/\/www.artestampa.com.br\/#website"},"datePublished":"2017-11-10T21:59:40+00:00","dateModified":"2023-11-06T02:36:46+00:00","breadcrumb":{"@id":"https:\/\/www.artestampa.com.br\/es\/equipos\/#breadcrumb"},"inLanguage":"es","potentialAction":[{"@type":"ReadAction","target":["https:\/\/www.artestampa.com.br\/es\/equipos\/"]}]},{"@type":"BreadcrumbList","@id":"https:\/\/www.artestampa.com.br\/es\/equipos\/#breadcrumb","itemListElement":[{"@type":"ListItem","position":1,"name":"In\u00edcio","item":"https:\/\/www.artestampa.com.br\/es\/"},{"@type":"ListItem","position":2,"name":"Equipos"}]},{"@type":"WebSite","@id":"https:\/\/www.artestampa.com.br\/#website","url":"https:\/\/www.artestampa.com.br\/","name":"Artestampa","description":"Personalizando emo\u00e7\u00f5es","potentialAction":[{"@type":"SearchAction","target":{"@type":"EntryPoint","urlTemplate":"https:\/\/www.artestampa.com.br\/?s={search_term_string}"},"query-input":{"@type":"PropertyValueSpecification","valueRequired":true,"valueName":"search_term_string"}}],"inLanguage":"es"}]}},"_links":{"self":[{"href":"https:\/\/www.artestampa.com.br\/es\/wp-json\/wp\/v2\/pages\/1511","targetHints":{"allow":["GET"]}}],"collection":[{"href":"https:\/\/www.artestampa.com.br\/es\/wp-json\/wp\/v2\/pages"}],"about":[{"href":"https:\/\/www.artestampa.com.br\/es\/wp-json\/wp\/v2\/types\/page"}],"author":[{"embeddable":true,"href":"https:\/\/www.artestampa.com.br\/es\/wp-json\/wp\/v2\/users\/4"}],"replies":[{"embeddable":true,"href":"https:\/\/www.artestampa.com.br\/es\/wp-json\/wp\/v2\/comments?post=1511"}],"version-history":[{"count":31,"href":"https:\/\/www.artestampa.com.br\/es\/wp-json\/wp\/v2\/pages\/1511\/revisions"}],"predecessor-version":[{"id":1985,"href":"https:\/\/www.artestampa.com.br\/es\/wp-json\/wp\/v2\/pages\/1511\/revisions\/1985"}],"wp:attachment":[{"href":"https:\/\/www.artestampa.com.br\/es\/wp-json\/wp\/v2\/media?parent=1511"}],"curies":[{"name":"wp","href":"https:\/\/api.w.org\/{rel}","templated":true}]}}