{"id":1501,"date":"2017-11-11T00:55:08","date_gmt":"2017-11-10T21:55:08","guid":{"rendered":"http:\/\/artestampa.com.br\/?page_id=1501"},"modified":"2018-01-26T19:53:28","modified_gmt":"2018-01-26T16:53:28","slug":"faq","status":"publish","type":"page","link":"https:\/\/www.artestampa.com.br\/es\/faq\/","title":{"rendered":"FAQ"},"content":{"rendered":"<div id=\"pl-1501\"  class=\"panel-layout\" ><div id=\"pg-1501-0\"  class=\"panel-grid panel-has-style\" ><div class=\"siteorigin-panels-stretch row-justification-center panel-row-style panel-row-style-for-1501-0\" style=\"margin-bottom: 0; \" data-stretch-type=\"full\" ><div id=\"pgc-1501-0-0\"  class=\"panel-grid-cell\" ><div id=\"panel-1501-0-0-0\" class=\"so-panel widget_inb-headline inbound-headline panel-first-child\" data-index=\"0\" ><div class=\"text-align-center panel-widget-style panel-widget-style-for-1501-0-0-0\" ><div id=\"widget_headline_1\" class=\"inbound-headline headline-no-decoration\"><h2 class=\"regular-title\">Algunas preguntas frecuentes<\/h2><\/div><\/div><\/div><div id=\"panel-1501-0-0-1\" class=\"so-panel widget_inb-divider inbound-divider\" data-index=\"1\" ><div class=\"panel-widget-style panel-widget-style-for-1501-0-0-1\" ><hr id=\"widget_divider_1\" class=\"divider divider-solid align-center\"><\/div><\/div><div id=\"panel-1501-0-0-2\" class=\"so-panel widget_inb-headline inbound-headline panel-last-child\" data-index=\"2\" ><div class=\"panel-widget-style panel-widget-style-for-1501-0-0-2\" ><div id=\"widget_headline_2\" class=\"inbound-headline headline-no-decoration\"><h4 class=\"regular-sub-title\">Estamos listos para sacar todas sus dudas sobre nuestros equipos, suministros, soporte t\u00e9cnico y lo dem\u00e1s que quieras saber. Cuente con nuestro equipo y empiece a entregar calidad a sus clientes.<\/h4><\/div><\/div><\/div><\/div><\/div><\/div><div id=\"pg-1501-1\"  class=\"panel-grid panel-has-style\" ><div class=\"siteorigin-panels-stretch row-justification-left panel-row-style panel-row-style-for-1501-1\" style=\"margin-bottom: 0; \" data-stretch-type=\"full\" ><div id=\"pgc-1501-1-0\"  class=\"panel-grid-cell panel-grid-cell-empty\" ><\/div><div id=\"pgc-1501-1-1\"  class=\"panel-grid-cell panel-grid-cell-mobile-last\" ><div id=\"panel-1501-1-1-0\" class=\"so-panel widget_inb-icon-block inbound-icon-block panel-first-child\" data-index=\"3\" ><div class=\"panel-widget-style panel-widget-style-for-1501-1-1-0\" ><div class=\"icon-block style-icon-left icon-size-3x widget_icon-block_1\"><div class=\"icon\"><i class=\"fa fa-question fa-3x\"><\/i><\/div><div class=\"icon-block-description\"><h4>\u00bfC\u00f3mo voy a comprar suministros despu\u00e9s?<\/h4><p>Artestampa posee stock de todos los materiales que usted necesita para producir sus calcoman\u00edas, siempre con disponibilidad y el compromiso de ofrecer la atenci\u00f3n m\u00e1s \u00e1gil y que solucione las necesidades del mercado.<\/p><\/div><\/div><\/div><\/div><div id=\"panel-1501-1-1-1\" class=\"so-panel widget_inb-icon-block inbound-icon-block\" data-index=\"4\" ><div class=\"panel-widget-style panel-widget-style-for-1501-1-1-1\" ><div class=\"icon-block style-icon-left icon-size-3x widget_icon-block_2\"><div class=\"icon\"><i class=\"fa fa-question fa-3x\"><\/i><\/div><div class=\"icon-block-description\"><h4>\u00bfEl equipo tiene garant\u00eda?<\/h4><p>Todos nuestros equipos atienden la legislaci\u00f3n de defensa del consumidor en cuanto a la garant\u00eda, cumplimos la garant\u00eda legal y extendemos su plazo, para ofrecer mayor seguridad y confiabilidad.<\/p><\/div><\/div><\/div><\/div><div id=\"panel-1501-1-1-2\" class=\"so-panel widget_inb-icon-block inbound-icon-block\" data-index=\"5\" ><div class=\"panel-widget-style panel-widget-style-for-1501-1-1-2\" ><div class=\"icon-block style-icon-left icon-size-3x widget_icon-block_3\"><div class=\"icon\"><i class=\"fa fa-question fa-3x\"><\/i><\/div><div class=\"icon-block-description\"><h4>\u00bfC\u00f3mo funciona el soporte t\u00e9cnico?<\/h4><p>Ofrecemos a todos nuestros clientes un soporte Help Desk. Incluso si su equipo est\u00e1 fuera de garant\u00eda, nuestro soporte le ayudar\u00e1 en todas las dudas operativas y t\u00e9cnicas del equipo, ayud\u00e1ndole a obtener siempre lo m\u00e1ximo de calidad que su equipo puede ofrecer.<\/p><\/div><\/div><\/div><\/div><div id=\"panel-1501-1-1-3\" class=\"so-panel widget_inb-icon-block inbound-icon-block\" data-index=\"6\" ><div class=\"panel-widget-style panel-widget-style-for-1501-1-1-3\" ><div class=\"icon-block style-icon-left icon-size-3x widget_icon-block_4\"><div class=\"icon\"><i class=\"fa fa-question fa-3x\"><\/i><\/div><div class=\"icon-block-description\"><h4>\u00bfLa garant\u00eda es para todo Brasil?<\/h4><p>Tambi\u00e9n tenemos un cuadro t\u00e9cnico extremadamente especializado y disponible para atender a cualquier cliente en el territorio nacional. Nuestro servicio t\u00e9cnico es pionero en este tipo de producto en el pa\u00eds, y desde hace m\u00e1s de 10 a\u00f1os realizamos atendimientos en todo el pa\u00eds.<\/p><\/div><\/div><\/div><\/div><div id=\"panel-1501-1-1-4\" class=\"so-panel widget_inb-icon-block inbound-icon-block panel-last-child\" data-index=\"7\" ><div class=\"panel-widget-style panel-widget-style-for-1501-1-1-4\" ><div class=\"icon-block style-icon-left icon-size-3x widget_icon-block_5\"><div class=\"icon\"><i class=\"fa fa-question fa-3x\"><\/i><\/div><div class=\"icon-block-description\"><h4>\u00bfNecesito alg\u00fan curso espec\u00edfico para aprender el proceso?<\/h4><p>No, todas las informaciones necesarias para el aprendizaje y manejo del equipo se pasan de forma clara y de f\u00e1cil comprensi\u00f3n. Al igual que todas las t\u00e9cnicas de uso y aplicaci\u00f3n de las calcoman\u00edas. Tambi\u00e9n es posible hacer una visita para conocer nuestra estructura, para que usted pueda vivir de forma pr\u00e1ctica todo el proceso de la fotocer\u00e1mica.<\/p><\/div><\/div><\/div><\/div><\/div><div id=\"pgc-1501-1-2\"  class=\"panel-grid-cell panel-grid-cell-empty\" ><\/div><\/div><\/div><div id=\"pg-1501-2\"  class=\"panel-grid panel-has-style\" ><div class=\"row-justification-center panel-row-style panel-row-style-for-1501-2\" style=\"margin-bottom: 0px; \" ><div id=\"pgc-1501-2-0\"  class=\"panel-grid-cell\" ><div id=\"panel-1501-2-0-0\" class=\"so-panel widget_inb-headline inbound-headline panel-first-child\" data-index=\"8\" ><div id=\"ws-1\" class=\"panel-widget-style panel-widget-style-for-1501-2-0-0\" ><div id=\"widget_headline_3\" class=\"inbound-headline headline-no-decoration\"><h6 class=\"regular-title\">LISTO PARA REVOLUCIONAR?<\/h6><\/div><\/div><\/div><div id=\"panel-1501-2-0-1\" class=\"so-panel widget_inb-divider inbound-divider\" data-index=\"9\" ><div class=\"panel-widget-style panel-widget-style-for-1501-2-0-1\" ><hr id=\"widget_divider_2\" class=\"divider divider-solid align-center\"><\/div><\/div><div id=\"panel-1501-2-0-2\" class=\"so-panel widget_inb-headline inbound-headline\" data-index=\"10\" ><div class=\"panel-widget-style panel-widget-style-for-1501-2-0-2\" ><div id=\"widget_headline_4\" class=\"inbound-headline headline-no-decoration\"><h2 class=\"regular-title\">M\u00e1s informaci\u00f3n sobre nuestros equipos.<\/h2><\/div><\/div><\/div><div id=\"panel-1501-2-0-3\" class=\"so-panel widget_inb-headline inbound-headline\" data-index=\"11\" ><div id=\"ws-2\" class=\"panel-widget-style panel-widget-style-for-1501-2-0-3\" ><div id=\"widget_headline_5\" class=\"inbound-headline headline-no-decoration\"><h4 class=\"regular-sub-title\">Estamos listos para sacar todas sus dudas sobre nuestros equipos, suministros, soporte t\u00e9cnico y lo dem\u00e1s que necesite saber. Cuente con nuestro equipo y empiece a entregar calidad a sus clientes.<\/h4><\/div><\/div><\/div><div id=\"panel-1501-2-0-4\" class=\"so-panel widget_inb-button inbound-button panel-last-child\" data-index=\"12\" ><div class=\"panel-widget-style panel-widget-style-for-1501-2-0-4\" ><a href=\"\/es\/contacto\/\" class=\"button-style-585c434f23d42 inbound-solid inbound-transparent button-icon-right\" target=\"_self\">M\u00c1S INFORMACIONES <i class=\"fa fa-arrow-right\"><\/i><\/a><\/div><\/div><\/div><\/div><\/div><\/div>","protected":false},"excerpt":{"rendered":"<p>Algunas preguntas frecuentesEstamos listos para sacar todas sus dudas sobre nuestros equipos, suministros, soporte t\u00e9cnico y lo dem\u00e1s que quieras saber. Cuente con nuestro equipo<\/p>\n","protected":false},"author":4,"featured_media":0,"parent":0,"menu_order":0,"comment_status":"closed","ping_status":"closed","template":"","meta":{"footnotes":""},"class_list":["post-1501","page","type-page","status-publish","hentry","even","last"],"yoast_head":"<!-- This site is optimized with the Yoast SEO plugin v27.4 - https:\/\/yoast.com\/product\/yoast-seo-wordpress\/ -->\n<title>FAQ - Artestampa<\/title>\n<meta name=\"robots\" content=\"index, follow, max-snippet:-1, max-image-preview:large, max-video-preview:-1\" \/>\n<link rel=\"canonical\" href=\"https:\/\/www.artestampa.com.br\/es\/faq\/\" \/>\n<meta property=\"og:locale\" content=\"es_ES\" \/>\n<meta property=\"og:type\" content=\"article\" \/>\n<meta property=\"og:title\" content=\"FAQ - Artestampa\" \/>\n<meta property=\"og:description\" content=\"Algunas preguntas frecuentesEstamos listos para sacar todas sus dudas sobre nuestros equipos, suministros, soporte t\u00e9cnico y lo dem\u00e1s que quieras saber. Cuente con nuestro equipo\" \/>\n<meta property=\"og:url\" content=\"https:\/\/www.artestampa.com.br\/es\/faq\/\" \/>\n<meta property=\"og:site_name\" content=\"Artestampa\" \/>\n<meta property=\"article:modified_time\" content=\"2018-01-26T16:53:28+00:00\" \/>\n<meta name=\"twitter:card\" content=\"summary_large_image\" \/>\n<meta name=\"twitter:label1\" content=\"Tiempo de lectura\" \/>\n\t<meta name=\"twitter:data1\" content=\"2 minutos\" \/>\n<script type=\"application\/ld+json\" class=\"yoast-schema-graph\">{\"@context\":\"https:\\\/\\\/schema.org\",\"@graph\":[{\"@type\":\"WebPage\",\"@id\":\"https:\\\/\\\/www.artestampa.com.br\\\/es\\\/faq\\\/\",\"url\":\"https:\\\/\\\/www.artestampa.com.br\\\/es\\\/faq\\\/\",\"name\":\"FAQ - Artestampa\",\"isPartOf\":{\"@id\":\"https:\\\/\\\/www.artestampa.com.br\\\/#website\"},\"datePublished\":\"2017-11-10T21:55:08+00:00\",\"dateModified\":\"2018-01-26T16:53:28+00:00\",\"breadcrumb\":{\"@id\":\"https:\\\/\\\/www.artestampa.com.br\\\/es\\\/faq\\\/#breadcrumb\"},\"inLanguage\":\"es\",\"potentialAction\":[{\"@type\":\"ReadAction\",\"target\":[\"https:\\\/\\\/www.artestampa.com.br\\\/es\\\/faq\\\/\"]}]},{\"@type\":\"BreadcrumbList\",\"@id\":\"https:\\\/\\\/www.artestampa.com.br\\\/es\\\/faq\\\/#breadcrumb\",\"itemListElement\":[{\"@type\":\"ListItem\",\"position\":1,\"name\":\"In\u00edcio\",\"item\":\"https:\\\/\\\/www.artestampa.com.br\\\/es\\\/\"},{\"@type\":\"ListItem\",\"position\":2,\"name\":\"FAQ\"}]},{\"@type\":\"WebSite\",\"@id\":\"https:\\\/\\\/www.artestampa.com.br\\\/#website\",\"url\":\"https:\\\/\\\/www.artestampa.com.br\\\/\",\"name\":\"Artestampa\",\"description\":\"Personalizando emo\u00e7\u00f5es\",\"potentialAction\":[{\"@type\":\"SearchAction\",\"target\":{\"@type\":\"EntryPoint\",\"urlTemplate\":\"https:\\\/\\\/www.artestampa.com.br\\\/?s={search_term_string}\"},\"query-input\":{\"@type\":\"PropertyValueSpecification\",\"valueRequired\":true,\"valueName\":\"search_term_string\"}}],\"inLanguage\":\"es\"}]}<\/script>\n<!-- \/ Yoast SEO plugin. -->","yoast_head_json":{"title":"FAQ - Artestampa","robots":{"index":"index","follow":"follow","max-snippet":"max-snippet:-1","max-image-preview":"max-image-preview:large","max-video-preview":"max-video-preview:-1"},"canonical":"https:\/\/www.artestampa.com.br\/es\/faq\/","og_locale":"es_ES","og_type":"article","og_title":"FAQ - Artestampa","og_description":"Algunas preguntas frecuentesEstamos listos para sacar todas sus dudas sobre nuestros equipos, suministros, soporte t\u00e9cnico y lo dem\u00e1s que quieras saber. Cuente con nuestro equipo","og_url":"https:\/\/www.artestampa.com.br\/es\/faq\/","og_site_name":"Artestampa","article_modified_time":"2018-01-26T16:53:28+00:00","twitter_card":"summary_large_image","twitter_misc":{"Tiempo de lectura":"2 minutos"},"schema":{"@context":"https:\/\/schema.org","@graph":[{"@type":"WebPage","@id":"https:\/\/www.artestampa.com.br\/es\/faq\/","url":"https:\/\/www.artestampa.com.br\/es\/faq\/","name":"FAQ - Artestampa","isPartOf":{"@id":"https:\/\/www.artestampa.com.br\/#website"},"datePublished":"2017-11-10T21:55:08+00:00","dateModified":"2018-01-26T16:53:28+00:00","breadcrumb":{"@id":"https:\/\/www.artestampa.com.br\/es\/faq\/#breadcrumb"},"inLanguage":"es","potentialAction":[{"@type":"ReadAction","target":["https:\/\/www.artestampa.com.br\/es\/faq\/"]}]},{"@type":"BreadcrumbList","@id":"https:\/\/www.artestampa.com.br\/es\/faq\/#breadcrumb","itemListElement":[{"@type":"ListItem","position":1,"name":"In\u00edcio","item":"https:\/\/www.artestampa.com.br\/es\/"},{"@type":"ListItem","position":2,"name":"FAQ"}]},{"@type":"WebSite","@id":"https:\/\/www.artestampa.com.br\/#website","url":"https:\/\/www.artestampa.com.br\/","name":"Artestampa","description":"Personalizando emo\u00e7\u00f5es","potentialAction":[{"@type":"SearchAction","target":{"@type":"EntryPoint","urlTemplate":"https:\/\/www.artestampa.com.br\/?s={search_term_string}"},"query-input":{"@type":"PropertyValueSpecification","valueRequired":true,"valueName":"search_term_string"}}],"inLanguage":"es"}]}},"_links":{"self":[{"href":"https:\/\/www.artestampa.com.br\/es\/wp-json\/wp\/v2\/pages\/1501","targetHints":{"allow":["GET"]}}],"collection":[{"href":"https:\/\/www.artestampa.com.br\/es\/wp-json\/wp\/v2\/pages"}],"about":[{"href":"https:\/\/www.artestampa.com.br\/es\/wp-json\/wp\/v2\/types\/page"}],"author":[{"embeddable":true,"href":"https:\/\/www.artestampa.com.br\/es\/wp-json\/wp\/v2\/users\/4"}],"replies":[{"embeddable":true,"href":"https:\/\/www.artestampa.com.br\/es\/wp-json\/wp\/v2\/comments?post=1501"}],"version-history":[{"count":15,"href":"https:\/\/www.artestampa.com.br\/es\/wp-json\/wp\/v2\/pages\/1501\/revisions"}],"predecessor-version":[{"id":1655,"href":"https:\/\/www.artestampa.com.br\/es\/wp-json\/wp\/v2\/pages\/1501\/revisions\/1655"}],"wp:attachment":[{"href":"https:\/\/www.artestampa.com.br\/es\/wp-json\/wp\/v2\/media?parent=1501"}],"curies":[{"name":"wp","href":"https:\/\/api.w.org\/{rel}","templated":true}]}}