{"id":1497,"date":"2017-11-11T00:53:49","date_gmt":"2017-11-10T21:53:49","guid":{"rendered":"http:\/\/artestampa.com.br\/?page_id=1497"},"modified":"2018-01-26T19:53:50","modified_gmt":"2018-01-26T16:53:50","slug":"suministros","status":"publish","type":"page","link":"https:\/\/www.artestampa.com.br\/es\/suministros\/","title":{"rendered":"Suministros"},"content":{"rendered":"<div id=\"pl-1497\"  class=\"panel-layout\" ><div id=\"pg-1497-0\"  class=\"panel-grid panel-has-style\" ><div class=\"row-justification-center panel-row-style panel-row-style-for-1497-0\" style=\"margin-bottom: 0; \" ><div id=\"pgc-1497-0-0\"  class=\"panel-grid-cell\" ><div id=\"panel-1497-0-0-0\" class=\"so-panel widget_inb-headline inbound-headline panel-first-child\" data-index=\"0\" ><div id=\"widget_headline_1\" class=\"inbound-headline headline-no-decoration\"><h6 class=\"regular-title\">NO DEJE QUE SU PRODUCCI\u00d3N PARE<\/h6><\/div><\/div><div id=\"panel-1497-0-0-1\" class=\"so-panel widget_inb-divider inbound-divider\" data-index=\"1\" ><div class=\"panel-widget-style panel-widget-style-for-1497-0-0-1\" ><hr id=\"widget_divider_1\" class=\"divider divider-solid align-center\"><\/div><\/div><div id=\"panel-1497-0-0-2\" class=\"so-panel widget_inb-headline inbound-headline\" data-index=\"2\" ><div class=\"text-align-center panel-widget-style panel-widget-style-for-1497-0-0-2\" ><div id=\"widget_headline_2\" class=\"inbound-headline headline-no-decoration\"><h2 class=\"regular-title\">Garantizamos el suministro<\/h2><h4 class=\"regular-sub-title\">Tenemos el compromiso con nuestros clientes de mantener activo todo el stock de suministros necesarios para que su producci\u00f3n no pare.<\/h4><\/div><\/div><\/div><div id=\"panel-1497-0-0-3\" class=\"so-panel widget_inb-divider inbound-divider panel-last-child\" data-index=\"3\" ><div class=\"panel-widget-style panel-widget-style-for-1497-0-0-3\" ><hr id=\"widget_divider_2\" class=\"divider divider-solid align-center\"><\/div><\/div><\/div><\/div><\/div><div id=\"pg-1497-1\"  class=\"panel-grid panel-has-style\" ><div class=\"row-justification-left panel-row-style panel-row-style-for-1497-1\" style=\"margin-bottom: 0; \" ><div id=\"pgc-1497-1-0\"  class=\"panel-grid-cell\" ><div id=\"panel-1497-1-0-0\" class=\"so-panel widget_inb-icon-block inbound-icon-block panel-first-child\" data-index=\"4\" ><div class=\"icon-block style-icon-left icon-size-2x widget_icon-block_1\"><div class=\"icon\"><i class=\"fa fa-file-o fa-2x\"><\/i><\/div><div class=\"icon-block-description\"><h4>Papel de embalaje fotogr\u00e1fico<\/h4><p>Es la base para la impresi\u00f3n de las calcoman\u00edas y necesita ser de alta calidad, pues es parte preponderante de todo el proceso. Adem\u00e1s, utilizar un papel de calidad es un importante factor en la conservaci\u00f3n y el buen funcionamiento del equipo.<\/p><\/div><\/div><\/div><div id=\"panel-1497-1-0-1\" class=\"so-panel widget_inb-divider inbound-divider\" data-index=\"5\" ><div class=\"panel-widget-style panel-widget-style-for-1497-1-0-1\" ><hr id=\"widget_divider_3\" class=\"divider divider-solid align-center\"><\/div><\/div><div id=\"panel-1497-1-0-2\" class=\"so-panel widget_inb-icon-block inbound-icon-block\" data-index=\"6\" ><div class=\"icon-block style-icon-left icon-size-2x widget_icon-block_2\"><div class=\"icon\"><i class=\"fa fa-tint fa-2x\"><\/i><\/div><div class=\"icon-block-description\"><h4>Barniz<\/h4><p>Popularmente conocido como \"colodi\u00f3n\", los barnices act\u00faan para la transferencia de la imagen en la porcelana. Algunos tipos especiales que ofrecemos tambi\u00e9n ayudan en la protecci\u00f3n de las im\u00e1genes y pueden dar una capa de brillo extra al producto.<\/p><\/div><\/div><\/div><div id=\"panel-1497-1-0-3\" class=\"so-panel widget_inb-divider inbound-divider\" data-index=\"7\" ><div class=\"panel-widget-style panel-widget-style-for-1497-1-0-3\" ><hr id=\"widget_divider_4\" class=\"divider divider-solid align-center\"><\/div><\/div><div id=\"panel-1497-1-0-4\" class=\"so-panel widget_inb-icon-block inbound-icon-block panel-last-child\" data-index=\"8\" ><div class=\"icon-block style-icon-left icon-size-2x widget_icon-block_3\"><div class=\"icon\"><i class=\"fa fa-flask fa-2x\"><\/i><\/div><div class=\"icon-block-description\"><h4>Pigmentos Cer\u00e1micos<\/h4><p>Coraz\u00f3n de todo el proceso de impresi\u00f3n en porcelana, el pigmento cer\u00e1mico es una especie de \"t\u00f3ner\" desarrollado exclusivamente para este prop\u00f3sito. Disponemos de varias opciones de estos productos, sirviendo espec\u00edficamente para el equipo para el que fue desarrollado.<\/p><\/div><\/div><\/div><\/div><\/div><\/div><\/div>","protected":false},"excerpt":{"rendered":"<p>NO DEJE QUE SU PRODUCCI\u00d3N PAREGarantizamos el suministroTenemos el compromiso con nuestros clientes de mantener activo todo el stock de suministros necesarios para que su<\/p>\n","protected":false},"author":4,"featured_media":0,"parent":0,"menu_order":0,"comment_status":"closed","ping_status":"closed","template":"","meta":{"footnotes":""},"class_list":["post-1497","page","type-page","status-publish","hentry","even","last"],"yoast_head":"<!-- This site is optimized with the Yoast SEO plugin v27.4 - https:\/\/yoast.com\/product\/yoast-seo-wordpress\/ -->\n<title>Suministros - Artestampa<\/title>\n<meta name=\"robots\" content=\"index, follow, max-snippet:-1, max-image-preview:large, max-video-preview:-1\" \/>\n<link rel=\"canonical\" href=\"https:\/\/www.artestampa.com.br\/es\/suministros\/\" \/>\n<meta property=\"og:locale\" content=\"es_ES\" \/>\n<meta property=\"og:type\" content=\"article\" \/>\n<meta property=\"og:title\" content=\"Suministros - Artestampa\" \/>\n<meta property=\"og:description\" content=\"NO DEJE QUE SU PRODUCCI\u00d3N PAREGarantizamos el suministroTenemos el compromiso con nuestros clientes de mantener activo todo el stock de suministros necesarios para que su\" \/>\n<meta property=\"og:url\" content=\"https:\/\/www.artestampa.com.br\/es\/suministros\/\" \/>\n<meta property=\"og:site_name\" content=\"Artestampa\" \/>\n<meta property=\"article:modified_time\" content=\"2018-01-26T16:53:50+00:00\" \/>\n<meta name=\"twitter:card\" content=\"summary_large_image\" \/>\n<meta name=\"twitter:label1\" content=\"Tiempo de lectura\" \/>\n\t<meta name=\"twitter:data1\" content=\"1 minuto\" \/>\n<script type=\"application\/ld+json\" class=\"yoast-schema-graph\">{\"@context\":\"https:\\\/\\\/schema.org\",\"@graph\":[{\"@type\":\"WebPage\",\"@id\":\"https:\\\/\\\/www.artestampa.com.br\\\/es\\\/suministros\\\/\",\"url\":\"https:\\\/\\\/www.artestampa.com.br\\\/es\\\/suministros\\\/\",\"name\":\"Suministros - Artestampa\",\"isPartOf\":{\"@id\":\"https:\\\/\\\/www.artestampa.com.br\\\/#website\"},\"datePublished\":\"2017-11-10T21:53:49+00:00\",\"dateModified\":\"2018-01-26T16:53:50+00:00\",\"breadcrumb\":{\"@id\":\"https:\\\/\\\/www.artestampa.com.br\\\/es\\\/suministros\\\/#breadcrumb\"},\"inLanguage\":\"es\",\"potentialAction\":[{\"@type\":\"ReadAction\",\"target\":[\"https:\\\/\\\/www.artestampa.com.br\\\/es\\\/suministros\\\/\"]}]},{\"@type\":\"BreadcrumbList\",\"@id\":\"https:\\\/\\\/www.artestampa.com.br\\\/es\\\/suministros\\\/#breadcrumb\",\"itemListElement\":[{\"@type\":\"ListItem\",\"position\":1,\"name\":\"In\u00edcio\",\"item\":\"https:\\\/\\\/www.artestampa.com.br\\\/es\\\/\"},{\"@type\":\"ListItem\",\"position\":2,\"name\":\"Suministros\"}]},{\"@type\":\"WebSite\",\"@id\":\"https:\\\/\\\/www.artestampa.com.br\\\/#website\",\"url\":\"https:\\\/\\\/www.artestampa.com.br\\\/\",\"name\":\"Artestampa\",\"description\":\"Personalizando emo\u00e7\u00f5es\",\"potentialAction\":[{\"@type\":\"SearchAction\",\"target\":{\"@type\":\"EntryPoint\",\"urlTemplate\":\"https:\\\/\\\/www.artestampa.com.br\\\/?s={search_term_string}\"},\"query-input\":{\"@type\":\"PropertyValueSpecification\",\"valueRequired\":true,\"valueName\":\"search_term_string\"}}],\"inLanguage\":\"es\"}]}<\/script>\n<!-- \/ Yoast SEO plugin. -->","yoast_head_json":{"title":"Suministros - Artestampa","robots":{"index":"index","follow":"follow","max-snippet":"max-snippet:-1","max-image-preview":"max-image-preview:large","max-video-preview":"max-video-preview:-1"},"canonical":"https:\/\/www.artestampa.com.br\/es\/suministros\/","og_locale":"es_ES","og_type":"article","og_title":"Suministros - Artestampa","og_description":"NO DEJE QUE SU PRODUCCI\u00d3N PAREGarantizamos el suministroTenemos el compromiso con nuestros clientes de mantener activo todo el stock de suministros necesarios para que su","og_url":"https:\/\/www.artestampa.com.br\/es\/suministros\/","og_site_name":"Artestampa","article_modified_time":"2018-01-26T16:53:50+00:00","twitter_card":"summary_large_image","twitter_misc":{"Tiempo de lectura":"1 minuto"},"schema":{"@context":"https:\/\/schema.org","@graph":[{"@type":"WebPage","@id":"https:\/\/www.artestampa.com.br\/es\/suministros\/","url":"https:\/\/www.artestampa.com.br\/es\/suministros\/","name":"Suministros - Artestampa","isPartOf":{"@id":"https:\/\/www.artestampa.com.br\/#website"},"datePublished":"2017-11-10T21:53:49+00:00","dateModified":"2018-01-26T16:53:50+00:00","breadcrumb":{"@id":"https:\/\/www.artestampa.com.br\/es\/suministros\/#breadcrumb"},"inLanguage":"es","potentialAction":[{"@type":"ReadAction","target":["https:\/\/www.artestampa.com.br\/es\/suministros\/"]}]},{"@type":"BreadcrumbList","@id":"https:\/\/www.artestampa.com.br\/es\/suministros\/#breadcrumb","itemListElement":[{"@type":"ListItem","position":1,"name":"In\u00edcio","item":"https:\/\/www.artestampa.com.br\/es\/"},{"@type":"ListItem","position":2,"name":"Suministros"}]},{"@type":"WebSite","@id":"https:\/\/www.artestampa.com.br\/#website","url":"https:\/\/www.artestampa.com.br\/","name":"Artestampa","description":"Personalizando emo\u00e7\u00f5es","potentialAction":[{"@type":"SearchAction","target":{"@type":"EntryPoint","urlTemplate":"https:\/\/www.artestampa.com.br\/?s={search_term_string}"},"query-input":{"@type":"PropertyValueSpecification","valueRequired":true,"valueName":"search_term_string"}}],"inLanguage":"es"}]}},"_links":{"self":[{"href":"https:\/\/www.artestampa.com.br\/es\/wp-json\/wp\/v2\/pages\/1497","targetHints":{"allow":["GET"]}}],"collection":[{"href":"https:\/\/www.artestampa.com.br\/es\/wp-json\/wp\/v2\/pages"}],"about":[{"href":"https:\/\/www.artestampa.com.br\/es\/wp-json\/wp\/v2\/types\/page"}],"author":[{"embeddable":true,"href":"https:\/\/www.artestampa.com.br\/es\/wp-json\/wp\/v2\/users\/4"}],"replies":[{"embeddable":true,"href":"https:\/\/www.artestampa.com.br\/es\/wp-json\/wp\/v2\/comments?post=1497"}],"version-history":[{"count":6,"href":"https:\/\/www.artestampa.com.br\/es\/wp-json\/wp\/v2\/pages\/1497\/revisions"}],"predecessor-version":[{"id":1575,"href":"https:\/\/www.artestampa.com.br\/es\/wp-json\/wp\/v2\/pages\/1497\/revisions\/1575"}],"wp:attachment":[{"href":"https:\/\/www.artestampa.com.br\/es\/wp-json\/wp\/v2\/media?parent=1497"}],"curies":[{"name":"wp","href":"https:\/\/api.w.org\/{rel}","templated":true}]}}