{"id":1492,"date":"2017-11-11T00:47:13","date_gmt":"2017-11-10T21:47:13","guid":{"rendered":"http:\/\/artestampa.com.br\/?page_id=1492"},"modified":"2018-01-26T20:08:42","modified_gmt":"2018-01-26T17:08:42","slug":"quienes-somos","status":"publish","type":"page","link":"https:\/\/www.artestampa.com.br\/es\/quienes-somos\/","title":{"rendered":"Quienes Somos"},"content":{"rendered":"<div id=\"pl-1492\"  class=\"panel-layout\" ><div id=\"pg-1492-0\"  class=\"panel-grid panel-has-style\" ><div class=\"siteorigin-panels-stretch row-justification-center panel-row-style panel-row-style-for-1492-0\" style=\"margin-bottom: 0; \" data-stretch-type=\"full\" ><div id=\"pgc-1492-0-0\"  class=\"panel-grid-cell\" ><div id=\"panel-1492-0-0-0\" class=\"so-panel widget_inb-headline inbound-headline panel-first-child\" data-index=\"0\" ><div id=\"ws-1\" class=\"panel-widget-style panel-widget-style-for-1492-0-0-0\" ><div id=\"widget_headline_1\" class=\"inbound-headline headline-no-decoration\"><h6 class=\"regular-title\">SOMOS \u00daNICOS<\/h6><\/div><\/div><\/div><div id=\"panel-1492-0-0-1\" class=\"so-panel widget_inb-divider inbound-divider\" data-index=\"1\" ><div class=\"panel-widget-style panel-widget-style-for-1492-0-0-1\" ><hr id=\"widget_divider_1\" class=\"divider divider-solid align-center\"><\/div><\/div><div id=\"panel-1492-0-0-2\" class=\"so-panel widget_inb-headline inbound-headline\" data-index=\"2\" ><div class=\"panel-widget-style panel-widget-style-for-1492-0-0-2\" ><div id=\"widget_headline_2\" class=\"inbound-headline headline-no-decoration\"><h1 class=\"regular-title\">Calidad con muy buena impresi\u00f3n <\/h1><\/div><\/div><\/div><div id=\"panel-1492-0-0-3\" class=\"so-panel widget_inb-headline inbound-headline\" data-index=\"3\" ><div id=\"ws-2\" class=\"panel-widget-style panel-widget-style-for-1492-0-0-3\" ><div id=\"widget_headline_3\" class=\"inbound-headline headline-no-decoration\"><h4 class=\"regular-sub-title\">Artestampa est\u00e1 situada en Blumenau, Santa Catarina. Nuestro trabajo est\u00e1 100% dedicado en desarrollar soluciones para impresi\u00f3n digital en cer\u00e1mica.<\/h4><\/div><\/div><\/div><div id=\"panel-1492-0-0-4\" class=\"so-panel widget_inb-button inbound-button\" data-index=\"4\" ><div class=\"text-align-center panel-widget-style panel-widget-style-for-1492-0-0-4\" ><a href=\"\/es\/contacto\" class=\"button-style-585c434f23d42 inbound-solid inbound-transparent button-icon-right\" target=\"_self\">Hable con nosotros <i class=\"fa fa-arrow-right\"><\/i><\/a><\/div><\/div><div id=\"panel-1492-0-0-5\" class=\"so-panel widget_inb-divider inbound-divider panel-last-child\" data-index=\"5\" ><div class=\"hide-on-mobile panel-widget-style panel-widget-style-for-1492-0-0-5\" ><hr id=\"widget_divider_2\" class=\"divider divider-solid align-center\"><\/div><\/div><\/div><\/div><\/div><div id=\"pg-1492-1\"  class=\"panel-grid panel-has-style\" ><div class=\"siteorigin-panels-stretch row-justification-center panel-row-style panel-row-style-for-1492-1\" style=\"margin-bottom: 0; \" data-stretch-type=\"full\" ><div id=\"pgc-1492-1-0\"  class=\"panel-grid-cell\" ><div id=\"panel-1492-1-0-0\" class=\"so-panel widget_inb-icon-block inbound-icon-block panel-first-child\" data-index=\"6\" ><div class=\"text-align-left panel-widget-style panel-widget-style-for-1492-1-0-0\" ><div class=\"icon-block style-icon-left icon-size-2x widget_icon-block_1\"><div class=\"icon\"><i class=\"fa fa-slideshare fa-2x\"><\/i><\/div><div class=\"icon-block-description\"><h4>Experiencia e Innovaci\u00f3n<\/h4><p>Somos parte del Grupo Helioprint que tiene m\u00e1s de 30 a\u00f1os de experiencia en el mercado de impresi\u00f3n y fue as\u00ed como nacimos, por la constante b\u00fasqueda por innovaci\u00f3n en el segmento de impresi\u00f3n digital y la necesidad de llevar color, calidad y durabilidad en productos cer\u00e1micos.<\/p><\/div><\/div><\/div><\/div><div id=\"panel-1492-1-0-1\" class=\"so-panel widget_inb-icon-block inbound-icon-block panel-last-child\" data-index=\"7\" ><div class=\"text-align-left panel-widget-style panel-widget-style-for-1492-1-0-1\" ><div class=\"icon-block style-icon-left icon-size-2x widget_icon-block_2\"><div class=\"icon\"><i class=\"fa fa-map-o fa-2x\"><\/i><\/div><div class=\"icon-block-description\"><h4>Estamos Presentes<\/h4><p>Representamos a Mz Toner Technologies - inventores de esta tecnolog\u00eda - en todo Brasil y Am\u00e9rica Latina, adem\u00e1s del pionerismo la empresa est\u00e1 dedicada a la constante evoluci\u00f3n de sus productos. Tambi\u00e9n somos distribuidores oficiales de Canon y Ricoh, lo que permite el acceso r\u00e1pido a las piezas de reposici\u00f3n.<\/p><\/div><\/div><\/div><\/div><\/div><div id=\"pgc-1492-1-1\"  class=\"panel-grid-cell panel-grid-cell-empty\" ><\/div><div id=\"pgc-1492-1-2\"  class=\"panel-grid-cell\" ><div id=\"panel-1492-1-2-0\" class=\"so-panel widget_inb-icon-block inbound-icon-block panel-first-child\" data-index=\"8\" ><div class=\"text-align-left panel-widget-style panel-widget-style-for-1492-1-2-0\" ><div class=\"icon-block style-icon-left icon-size-2x widget_icon-block_3\"><div class=\"icon\"><i class=\"fa fa-black-tie fa-2x\"><\/i><\/div><div class=\"icon-block-description\"><h4>Soporte T\u00e9cnico Especializado<\/h4><p>Adem\u00e1s de la comercializaci\u00f3n de la tecnolog\u00eda en impresi\u00f3n y todos los suministros utilizados en el proceso, Artestampa posee un equipo t\u00e9cnico especialista en este tema para orientaciones y todo soporte postventa para que nuestros  clientes alcancen el \u00e9xito con nuestros productos.<\/p><\/div><\/div><\/div><\/div><div id=\"panel-1492-1-2-1\" class=\"so-panel widget_inb-icon-block inbound-icon-block panel-last-child\" data-index=\"9\" ><div class=\"text-align-left panel-widget-style panel-widget-style-for-1492-1-2-1\" ><div class=\"icon-block style-icon-left icon-size-2x widget_icon-block_4\"><div class=\"icon\"><i class=\"fa fa-history fa-2x\"><\/i><\/div><div class=\"icon-block-description\"><h4>Pioneros<\/h4><p>Hemos sido pioneros en Brasil en la comercializaci\u00f3n de estos sistemas, y desarrollamos nuestra empresa con una pol\u00edtica comercial comprometida con la venta y soporte de estos equipos, con actuaci\u00f3n exclusiva en este segmento, garantizando al cliente una inversi\u00f3n segura.<\/p><\/div><\/div><\/div><\/div><\/div><\/div><\/div><div id=\"pg-1492-2\"  class=\"panel-grid panel-has-style\" ><div class=\"row-justification-center panel-row-style panel-row-style-for-1492-2\" style=\"margin-bottom: 0px; \" ><div id=\"pgc-1492-2-0\"  class=\"panel-grid-cell\" ><div id=\"panel-1492-2-0-0\" class=\"so-panel widget_inb-headline inbound-headline panel-first-child\" data-index=\"10\" ><div id=\"ws-3\" class=\"panel-widget-style panel-widget-style-for-1492-2-0-0\" ><div id=\"widget_headline_4\" class=\"inbound-headline headline-no-decoration\"><h6 class=\"regular-title\">\u00bfLISTOS PARA REVOLUCIONAR?<\/h6><\/div><\/div><\/div><div id=\"panel-1492-2-0-1\" class=\"so-panel widget_inb-divider inbound-divider\" data-index=\"11\" ><div class=\"panel-widget-style panel-widget-style-for-1492-2-0-1\" ><hr id=\"widget_divider_3\" class=\"divider divider-solid align-center\"><\/div><\/div><div id=\"panel-1492-2-0-2\" class=\"so-panel widget_inb-headline inbound-headline\" data-index=\"12\" ><div class=\"panel-widget-style panel-widget-style-for-1492-2-0-2\" ><div id=\"widget_headline_5\" class=\"inbound-headline headline-no-decoration\"><h2 class=\"regular-title\">Pida m\u00e1s informaci\u00f3n sobre nuestros equipos.<\/h2><\/div><\/div><\/div><div id=\"panel-1492-2-0-3\" class=\"so-panel widget_inb-headline inbound-headline\" data-index=\"13\" ><div id=\"ws-4\" class=\"panel-widget-style panel-widget-style-for-1492-2-0-3\" ><div id=\"widget_headline_6\" class=\"inbound-headline headline-no-decoration\"><h4 class=\"regular-sub-title\">Estamos listos para sacar todas sus dudas sobre nuestros equipos, suministros, soporte t\u00e9cnico y lo que m\u00e1s quiera saber. Cuente con nuestro equipo y empiece a entregar calidad a sus clientes.<\/h4><\/div><\/div><\/div><div id=\"panel-1492-2-0-4\" class=\"so-panel widget_inb-button inbound-button panel-last-child\" data-index=\"14\" ><div class=\"panel-widget-style panel-widget-style-for-1492-2-0-4\" ><a href=\"\/es\/equipos\" class=\"button-style-585c434f23d42 inbound-solid inbound-transparent button-icon-right\" target=\"_self\">M\u00c1S INFORMACIONES <i class=\"fa fa-arrow-right\"><\/i><\/a><\/div><\/div><\/div><\/div><\/div><\/div>","protected":false},"excerpt":{"rendered":"<p>SOMOS \u00daNICOSCalidad con muy buena impresi\u00f3n Artestampa est\u00e1 situada en Blumenau, Santa Catarina. Nuestro trabajo est\u00e1 100% dedicado en desarrollar soluciones para impresi\u00f3n digital en<\/p>\n","protected":false},"author":4,"featured_media":0,"parent":0,"menu_order":0,"comment_status":"closed","ping_status":"closed","template":"","meta":{"footnotes":""},"class_list":["post-1492","page","type-page","status-publish","hentry","even","last"],"yoast_head":"<!-- This site is optimized with the Yoast SEO plugin v27.4 - https:\/\/yoast.com\/product\/yoast-seo-wordpress\/ -->\n<title>Quienes Somos - Artestampa<\/title>\n<meta name=\"robots\" content=\"index, follow, max-snippet:-1, max-image-preview:large, max-video-preview:-1\" \/>\n<link rel=\"canonical\" href=\"https:\/\/www.artestampa.com.br\/es\/quienes-somos\/\" \/>\n<meta property=\"og:locale\" content=\"es_ES\" \/>\n<meta property=\"og:type\" content=\"article\" \/>\n<meta property=\"og:title\" content=\"Quienes Somos - Artestampa\" \/>\n<meta property=\"og:description\" content=\"SOMOS \u00daNICOSCalidad con muy buena impresi\u00f3n Artestampa est\u00e1 situada en Blumenau, Santa Catarina. Nuestro trabajo est\u00e1 100% dedicado en desarrollar soluciones para impresi\u00f3n digital en\" \/>\n<meta property=\"og:url\" content=\"https:\/\/www.artestampa.com.br\/es\/quienes-somos\/\" \/>\n<meta property=\"og:site_name\" content=\"Artestampa\" \/>\n<meta property=\"article:modified_time\" content=\"2018-01-26T17:08:42+00:00\" \/>\n<meta name=\"twitter:card\" content=\"summary_large_image\" \/>\n<meta name=\"twitter:label1\" content=\"Tiempo de lectura\" \/>\n\t<meta name=\"twitter:data1\" content=\"1 minuto\" \/>\n<script type=\"application\/ld+json\" class=\"yoast-schema-graph\">{\"@context\":\"https:\\\/\\\/schema.org\",\"@graph\":[{\"@type\":\"WebPage\",\"@id\":\"https:\\\/\\\/www.artestampa.com.br\\\/es\\\/quienes-somos\\\/\",\"url\":\"https:\\\/\\\/www.artestampa.com.br\\\/es\\\/quienes-somos\\\/\",\"name\":\"Quienes Somos - Artestampa\",\"isPartOf\":{\"@id\":\"https:\\\/\\\/www.artestampa.com.br\\\/#website\"},\"datePublished\":\"2017-11-10T21:47:13+00:00\",\"dateModified\":\"2018-01-26T17:08:42+00:00\",\"breadcrumb\":{\"@id\":\"https:\\\/\\\/www.artestampa.com.br\\\/es\\\/quienes-somos\\\/#breadcrumb\"},\"inLanguage\":\"es\",\"potentialAction\":[{\"@type\":\"ReadAction\",\"target\":[\"https:\\\/\\\/www.artestampa.com.br\\\/es\\\/quienes-somos\\\/\"]}]},{\"@type\":\"BreadcrumbList\",\"@id\":\"https:\\\/\\\/www.artestampa.com.br\\\/es\\\/quienes-somos\\\/#breadcrumb\",\"itemListElement\":[{\"@type\":\"ListItem\",\"position\":1,\"name\":\"In\u00edcio\",\"item\":\"https:\\\/\\\/www.artestampa.com.br\\\/es\\\/\"},{\"@type\":\"ListItem\",\"position\":2,\"name\":\"Quienes Somos\"}]},{\"@type\":\"WebSite\",\"@id\":\"https:\\\/\\\/www.artestampa.com.br\\\/#website\",\"url\":\"https:\\\/\\\/www.artestampa.com.br\\\/\",\"name\":\"Artestampa\",\"description\":\"Personalizando emo\u00e7\u00f5es\",\"potentialAction\":[{\"@type\":\"SearchAction\",\"target\":{\"@type\":\"EntryPoint\",\"urlTemplate\":\"https:\\\/\\\/www.artestampa.com.br\\\/?s={search_term_string}\"},\"query-input\":{\"@type\":\"PropertyValueSpecification\",\"valueRequired\":true,\"valueName\":\"search_term_string\"}}],\"inLanguage\":\"es\"}]}<\/script>\n<!-- \/ Yoast SEO plugin. -->","yoast_head_json":{"title":"Quienes Somos - Artestampa","robots":{"index":"index","follow":"follow","max-snippet":"max-snippet:-1","max-image-preview":"max-image-preview:large","max-video-preview":"max-video-preview:-1"},"canonical":"https:\/\/www.artestampa.com.br\/es\/quienes-somos\/","og_locale":"es_ES","og_type":"article","og_title":"Quienes Somos - Artestampa","og_description":"SOMOS \u00daNICOSCalidad con muy buena impresi\u00f3n Artestampa est\u00e1 situada en Blumenau, Santa Catarina. Nuestro trabajo est\u00e1 100% dedicado en desarrollar soluciones para impresi\u00f3n digital en","og_url":"https:\/\/www.artestampa.com.br\/es\/quienes-somos\/","og_site_name":"Artestampa","article_modified_time":"2018-01-26T17:08:42+00:00","twitter_card":"summary_large_image","twitter_misc":{"Tiempo de lectura":"1 minuto"},"schema":{"@context":"https:\/\/schema.org","@graph":[{"@type":"WebPage","@id":"https:\/\/www.artestampa.com.br\/es\/quienes-somos\/","url":"https:\/\/www.artestampa.com.br\/es\/quienes-somos\/","name":"Quienes Somos - Artestampa","isPartOf":{"@id":"https:\/\/www.artestampa.com.br\/#website"},"datePublished":"2017-11-10T21:47:13+00:00","dateModified":"2018-01-26T17:08:42+00:00","breadcrumb":{"@id":"https:\/\/www.artestampa.com.br\/es\/quienes-somos\/#breadcrumb"},"inLanguage":"es","potentialAction":[{"@type":"ReadAction","target":["https:\/\/www.artestampa.com.br\/es\/quienes-somos\/"]}]},{"@type":"BreadcrumbList","@id":"https:\/\/www.artestampa.com.br\/es\/quienes-somos\/#breadcrumb","itemListElement":[{"@type":"ListItem","position":1,"name":"In\u00edcio","item":"https:\/\/www.artestampa.com.br\/es\/"},{"@type":"ListItem","position":2,"name":"Quienes Somos"}]},{"@type":"WebSite","@id":"https:\/\/www.artestampa.com.br\/#website","url":"https:\/\/www.artestampa.com.br\/","name":"Artestampa","description":"Personalizando emo\u00e7\u00f5es","potentialAction":[{"@type":"SearchAction","target":{"@type":"EntryPoint","urlTemplate":"https:\/\/www.artestampa.com.br\/?s={search_term_string}"},"query-input":{"@type":"PropertyValueSpecification","valueRequired":true,"valueName":"search_term_string"}}],"inLanguage":"es"}]}},"_links":{"self":[{"href":"https:\/\/www.artestampa.com.br\/es\/wp-json\/wp\/v2\/pages\/1492","targetHints":{"allow":["GET"]}}],"collection":[{"href":"https:\/\/www.artestampa.com.br\/es\/wp-json\/wp\/v2\/pages"}],"about":[{"href":"https:\/\/www.artestampa.com.br\/es\/wp-json\/wp\/v2\/types\/page"}],"author":[{"embeddable":true,"href":"https:\/\/www.artestampa.com.br\/es\/wp-json\/wp\/v2\/users\/4"}],"replies":[{"embeddable":true,"href":"https:\/\/www.artestampa.com.br\/es\/wp-json\/wp\/v2\/comments?post=1492"}],"version-history":[{"count":19,"href":"https:\/\/www.artestampa.com.br\/es\/wp-json\/wp\/v2\/pages\/1492\/revisions"}],"predecessor-version":[{"id":1694,"href":"https:\/\/www.artestampa.com.br\/es\/wp-json\/wp\/v2\/pages\/1492\/revisions\/1694"}],"wp:attachment":[{"href":"https:\/\/www.artestampa.com.br\/es\/wp-json\/wp\/v2\/media?parent=1492"}],"curies":[{"name":"wp","href":"https:\/\/api.w.org\/{rel}","templated":true}]}}